{"id":203,"date":"2024-11-17T16:25:47","date_gmt":"2024-11-17T15:25:47","guid":{"rendered":"https:\/\/jds.namestovo.sk\/?page_id=203"},"modified":"2024-11-17T20:37:56","modified_gmt":"2024-11-17T19:37:56","slug":"uvod","status":"publish","type":"page","link":"https:\/\/jds.namestovo.sk\/index.php\/uvod\/","title":{"rendered":"\u00daVOD"},"content":{"rendered":"\n<p style=\"border-style:none;border-width:0px;margin-top:0;margin-right:0;margin-bottom:0;margin-left:0\">V\u00e1\u017een\u00ed \u010ditatelia,<br>v\u00a0polovici novembra 2024 do\u0161lo k\u00a0vytvoreniu nov\u00e9ho vzh\u013eadu tejto str\u00e1nky. Vytvoren\u00e1 bola pou\u017eit\u00edm in\u00e9ho programovacieho prostredia ako p\u00f4vodn\u00e1 str\u00e1nka. Postupne bude dop\u013a\u0148an\u00e1 o\u00a0\u010fal\u0161ie inform\u00e1cie. Niektor\u00e9 inform\u00e1cie z\u00a0p\u00f4vodnej str\u00e1nky boli prevzat\u00e9, in\u00e9 s\u00fa uveden\u00e9 v\u00a0sekcii \u201eArch\u00edv (do 10\/2023)\u201c. P\u00f4vodn\u00e1 str\u00e1nka nebola aktualizovan\u00e1 v\u00a0\u010dasovom obdob\u00ed od novembra 2023 a\u017e do novembra 2024. V\u00a0pr\u00edpade poskytnutia inform\u00e1cii bud\u00fa udalosti z\u00a0tohto obdobia vkladan\u00e9 do odpovedaj\u00facich podstr\u00e1nok.<\/p>\n\n\n\n<p style=\"border-style:none;border-width:0px;margin-top:0;margin-right:0;margin-bottom:0;margin-left:0\">Pozn\u00e1mky k \u00faprave, na doplnenie, k chyb\u00e1m m\u00f4\u017eete posla\u0165 na E-mailov\u00fa adresu uveden\u00fa v kontaktoch.<\/p>\n\n\n\n<p style=\"margin-right:0;margin-left:0;padding-right:0;padding-left:0\"><\/p>\n","protected":false},"excerpt":{"rendered":"<p>V\u00e1\u017een\u00ed \u010ditatelia,v\u00a0polovici novembra 2024 do\u0161lo k\u00a0vytvoreniu nov\u00e9ho vzh\u013eadu tejto str\u00e1nky. Vytvoren\u00e1 bola pou\u017eit\u00edm in\u00e9ho programovacieho prostredia ako p\u00f4vodn\u00e1 str\u00e1nka. Postupne bude dop\u013a\u0148an\u00e1 o\u00a0\u010fal\u0161ie inform\u00e1cie. Niektor\u00e9 inform\u00e1cie z\u00a0p\u00f4vodnej str\u00e1nky boli prevzat\u00e9, in\u00e9 s\u00fa uveden\u00e9 v\u00a0sekcii \u201eArch\u00edv (do 10\/2023)\u201c. P\u00f4vodn\u00e1 str\u00e1nka nebola aktualizovan\u00e1 v\u00a0\u010dasovom obdob\u00ed od novembra 2023 a\u017e do novembra 2024. V\u00a0pr\u00edpade poskytnutia inform\u00e1cii bud\u00fa udalosti [&hellip;]<\/p>\n","protected":false},"author":2,"featured_media":0,"parent":0,"menu_order":0,"comment_status":"closed","ping_status":"closed","template":"","meta":{"footnotes":""},"class_list":["post-203","page","type-page","status-publish","hentry"],"_links":{"self":[{"href":"https:\/\/jds.namestovo.sk\/index.php\/wp-json\/wp\/v2\/pages\/203","targetHints":{"allow":["GET"]}}],"collection":[{"href":"https:\/\/jds.namestovo.sk\/index.php\/wp-json\/wp\/v2\/pages"}],"about":[{"href":"https:\/\/jds.namestovo.sk\/index.php\/wp-json\/wp\/v2\/types\/page"}],"author":[{"embeddable":true,"href":"https:\/\/jds.namestovo.sk\/index.php\/wp-json\/wp\/v2\/users\/2"}],"replies":[{"embeddable":true,"href":"https:\/\/jds.namestovo.sk\/index.php\/wp-json\/wp\/v2\/comments?post=203"}],"version-history":[{"count":3,"href":"https:\/\/jds.namestovo.sk\/index.php\/wp-json\/wp\/v2\/pages\/203\/revisions"}],"predecessor-version":[{"id":217,"href":"https:\/\/jds.namestovo.sk\/index.php\/wp-json\/wp\/v2\/pages\/203\/revisions\/217"}],"wp:attachment":[{"href":"https:\/\/jds.namestovo.sk\/index.php\/wp-json\/wp\/v2\/media?parent=203"}],"curies":[{"name":"wp","href":"https:\/\/api.w.org\/{rel}","templated":true}]}}